{"id":173,"date":"2020-08-28T16:14:36","date_gmt":"2020-08-28T14:14:36","guid":{"rendered":"http:\/\/club-presse-valdeloire.fr\/?page_id=173"},"modified":"2023-03-01T17:15:47","modified_gmt":"2023-03-01T16:15:47","slug":"paiement-dadhesion","status":"publish","type":"page","link":"https:\/\/club-presse-valdeloire.fr\/index.php\/compte-dadherent\/paiement-dadhesion\/","title":{"rendered":"Paiement d\u2019adh\u00e9sion"},"content":{"rendered":"<p>[pmpro_checkout]<br \/>\n<strong>1i\u00e8re solution de paiement :<\/strong><\/p>\n<p>Si vous choisissez cette 1i\u00e8re solution avec l&#8217;envoie d&#8217;une lettre et d&#8217;un ch\u00e8que, veuillez faire ces op\u00e9rations imm\u00e9diatement avec les \u00e9l\u00e9ments ci-dessous car vous n&#8217;aurez plus ces informations dans l&#8217;\u00e9tape suivante.Idem pour le virement. Et enfin, cliquez sur le bouton ci-dessus !!<br \/>\nModalit\u00e9 de paiement :<br \/>\n&#8211; Ch\u00e8que \u00e0 l\u2019ordre du Club de la Presse Centre Val de Loire. Envoi au 15 Place Ch\u00e2teauneuf 37000 Tours.<br \/>\n&#8211; Virement bancaire : IBAN : FR76 1940 6370 3185 0317 3500 177 \/ BIC : AGRIFRPP894.<br \/>\n&#8211; Je souhaite aussi faire un don de soutien d&#8217;un montant de 10 &#8211; 30 &#8211; 50 \u20ac (\u00e0 ajouter au montant de votre cotisation).<\/p>\n<p><strong>Cliquez sur le bouton ci-dessus pour payer par ch\u00e8que ou par virement !!!<\/strong><\/p>\n<hr \/>\n<p>&nbsp;<\/p>\n<p><strong>2i\u00e8me solution :<\/strong><\/p>\n<form action=\"https:\/\/club-presse-valdeloire.fr\/CPVL\/PaiementParCartePaypal.html\" method=\"get\" target=\"_blank\">\n<h3><button class=\"btn\" type=\"submit\">Paypal ou Carte Bancaire<\/button><\/h3>\n<\/form>\n<p>Vous avez choisi de payer par PayPal ou par carte bancaire. Cliquez sur le bouton ci-dessus !! (Nb : merci de lire les modalit\u00e9s de paiement avant).<br \/>\nModalit\u00e9 de paiement :<br \/>\n&#8211; par un compte Paypal<br \/>\n&#8211; par carte bancaire<br \/>\n&#8211; Je souhaite aussi faire un don de soutien d&#8217;un montant de 10 &#8211; 30 &#8211; 50 \u20ac (\u00e0 ajouter au montant de votre cotisation)..<\/p>\n<p><strong>Cliquez sur le bouton ci-dessous une fois le paiement r\u00e9alis\u00e9 par Paypal ou par votre carte bancaire !!!<\/strong><br \/>\n[pmpro_checkout]<span id=\"page5R_mcid30\" class=\"markedContent\"><br role=\"presentation\" \/><span dir=\"ltr\" role=\"presentation\">En remplissant ce formulaire, vous acceptez que le Club de la Presse Centre-Val de Loire m\u00e9morise et utilise vos<\/span><\/span><span id=\"page5R_mcid31\" class=\"markedContent\"><br role=\"presentation\" \/><span dir=\"ltr\" role=\"presentation\">donn\u00e9es personnelles collect\u00e9es dans le but d\u2019am\u00e9liorer votre exp\u00e9rience et vos interactions avec lui. Afin de prot\u00e9ger<\/span><\/span><span id=\"page5R_mcid32\" class=\"markedContent\"><br role=\"presentation\" \/><span dir=\"ltr\" role=\"presentation\">la confidentialit\u00e9 de vos donn\u00e9es personnelles, le Club de la Presse Centre-Val de Loire s\u2019engage \u00e0 ne pas divulguer, ni<\/span><\/span><span id=\"page5R_mcid33\" class=\"markedContent\"><\/span><span id=\"page5R_mcid34\" class=\"markedContent\"><\/span><span id=\"page5R_mcid35\" class=\"markedContent\"><br role=\"presentation\" \/><span dir=\"ltr\" role=\"presentation\">transmettre, ni partager vos donn\u00e9es personnelles avec d\u2019autres entit\u00e9s, entreprises ou organismes, quels qu\u2019ils soient,<\/span><\/span><span id=\"page5R_mcid36\" class=\"markedContent\"><br role=\"presentation\" \/><span dir=\"ltr\" role=\"presentation\">conform\u00e9ment au R\u00e8glement G\u00e9n\u00e9ral de Protection des Donn\u00e9es de 2018 sur la protection des donn\u00e9es personnelles<\/span><\/span><span id=\"page5R_mcid37\" class=\"markedContent\"><br role=\"presentation\" \/><span dir=\"ltr\" role=\"presentation\">et \u00e0 notre politique de protection des donn\u00e9es, en dehors de l\u2019annuaire des adh\u00e9rents.<\/span><\/span><\/p>\n","protected":false},"excerpt":{"rendered":"<p>[pmpro_checkout] 1i\u00e8re solution de paiement : Si vous choisissez cette 1i\u00e8re solution avec l&#8217;envoie d&#8217;une lettre et d&#8217;un ch\u00e8que, veuillez faire ces op\u00e9rations imm\u00e9diatement avec les \u00e9l\u00e9ments ci-dessous car vous n&#8217;aurez plus ces informations dans l&#8217;\u00e9tape suivante.Idem pour le virement. Et enfin, cliquez sur le bouton ci-dessus !! Modalit\u00e9 de paiement : &#8211; Ch\u00e8que \u00e0&hellip; <br \/> <a class=\"read-more\" href=\"https:\/\/club-presse-valdeloire.fr\/index.php\/compte-dadherent\/paiement-dadhesion\/\">Lire la suite<\/a><\/p>\n","protected":false},"author":1,"featured_media":0,"parent":170,"menu_order":0,"comment_status":"closed","ping_status":"closed","template":"","meta":{"pmpro_default_level":0},"_links":{"self":[{"href":"https:\/\/club-presse-valdeloire.fr\/index.php\/wp-json\/wp\/v2\/pages\/173"}],"collection":[{"href":"https:\/\/club-presse-valdeloire.fr\/index.php\/wp-json\/wp\/v2\/pages"}],"about":[{"href":"https:\/\/club-presse-valdeloire.fr\/index.php\/wp-json\/wp\/v2\/types\/page"}],"author":[{"embeddable":true,"href":"https:\/\/club-presse-valdeloire.fr\/index.php\/wp-json\/wp\/v2\/users\/1"}],"replies":[{"embeddable":true,"href":"https:\/\/club-presse-valdeloire.fr\/index.php\/wp-json\/wp\/v2\/comments?post=173"}],"version-history":[{"count":33,"href":"https:\/\/club-presse-valdeloire.fr\/index.php\/wp-json\/wp\/v2\/pages\/173\/revisions"}],"predecessor-version":[{"id":622,"href":"https:\/\/club-presse-valdeloire.fr\/index.php\/wp-json\/wp\/v2\/pages\/173\/revisions\/622"}],"up":[{"embeddable":true,"href":"https:\/\/club-presse-valdeloire.fr\/index.php\/wp-json\/wp\/v2\/pages\/170"}],"wp:attachment":[{"href":"https:\/\/club-presse-valdeloire.fr\/index.php\/wp-json\/wp\/v2\/media?parent=173"}],"curies":[{"name":"wp","href":"https:\/\/api.w.org\/{rel}","templated":true}]}}